{"id":3794,"date":"2024-06-20T14:24:30","date_gmt":"2024-06-20T12:24:30","guid":{"rendered":"http:\/\/oberhaizinger.shytsee-projects.de\/data-protection-information\/"},"modified":"2026-01-29T09:58:12","modified_gmt":"2026-01-29T08:58:12","slug":"data-protection-information","status":"publish","type":"page","link":"https:\/\/www.oberhaizinger.de\/en\/data-protection-information\/","title":{"rendered":"Privacy policy"},"content":{"rendered":"<section class=\"l-section wpb_row oh-container external-link-icon height_custom width_custom\" style=\"--site-content-width:1080px;\"><div class=\"l-section-h i-cf\"><div class=\"g-cols vc_row via_grid cols_1 laptops-cols_inherit tablets-cols_inherit mobiles-cols_1 valign_top type_default stacking_default\"><div class=\"wpb_column vc_column_container\"><div class=\"vc_column-inner\"><h1 class=\"w-text oh-container\"><span class=\"w-text-h\"><span class=\"w-text-value\">Privacy policy (de)<\/span><\/span><\/h1><div class=\"w-separator size_custom\" style=\"height:2rem\"><\/div><div class=\"wpb_text_column\"><div class=\"wpb_wrapper\"><h6>Inhaltsverzeichnis:<\/h6>\n<p>1. Name und Anschrift des Verantwortlichen<br \/>2. Datenschutzbeauftragter<br \/>3. Bereitstellung der Webseite und Erstellung von Log-Files<br \/>4. E-Mail-,Telefon-Kontakt und Kontaktformulare<br \/>5. Bewerbungsverfahren<br \/>6. Social Media<br \/>YouTube<br \/>7. Borlabs Cookie Banner<br \/>8. WPML Sprachauswahl<br \/>9. Links auf Webseiten Dritter<br \/>10. Rechte des Betroffenen<\/p>\n<\/div><\/div><div class=\"w-separator size_custom\" style=\"height:2rem\"><\/div><div class=\"wpb_text_column\"><div class=\"wpb_wrapper\"><h5>1. Name und Anschrift des Verantwortlichen<\/h5>\n<p>Die Oberhaizinger GmbH ist als Verantwortliche im Sinne der Datenschutz-Grundverordnung (DSGVO), des Bundesdatenschutzgesetzes (BDSG) und des Telekommunikation-Digitale-Dienste-Datenschutz-Gesetz (TDDDG) sowie sonstiger datenschutzrechtlicher Bestimmungen f\u00fcr diese Webseite und die damit verbundene Datenverarbeitung verantwortlich.<\/p>\n<p>Umfassende Angaben zu unserem Unternehmen sind im Impressum zu finden.<\/p>\n<\/div><\/div><div class=\"w-separator size_custom\" style=\"height:2rem\"><\/div><div class=\"wpb_text_column\"><div class=\"wpb_wrapper\"><h5>2. Datenschutz\u00adbeauftragter<\/h5>\n<p>Anfragen den Datenschutz bei der Oberhaizinger GmbH betreffend k\u00f6nnen Sie jederzeit schriftlich unter:<\/p>\n<p>Oberhaizinger GmbH<br \/>S\u00fcdstra\u00dfe 10<br \/>84387 Julbach<br \/>oder unter der E-Mail-Adresse: <a href=\"mailto:info@oberhaizinger.de\">info@oberhaizinger.de<\/a> an uns richten.<\/p>\n<\/div><\/div><div class=\"w-separator size_custom\" style=\"height:2rem\"><\/div><div class=\"wpb_text_column\"><div class=\"wpb_wrapper\"><h5>3. Bereitstellung der Webseite und Erstellung von Log-Files<\/h5>\n<h6>3.1 Beschreibung und Umfang der Datenverarbeitung<\/h6>\n<p style=\"font-weight: 400;\"><span>Bei jedem Aufruf unsere Webseite erfasst unser System, d.h. der Webserver, automatisiert Informationen vom System des aufrufenden Rechners bzw. Endger\u00e4tes des Nutzers.<\/span><span> <\/span><\/p>\n<p style=\"font-weight: 400;\"><span>Folgende Daten werden hierbei von uns erhoben:<\/span><\/p>\n<ul>\n<li style=\"font-weight: 400;\"><span><\/span><span> Information \u00fcber den Browsertyp und die verwendete Version<\/span><\/li>\n<li style=\"font-weight: 400;\"><span> Das Betriebssystem des Endger\u00e4tes des Nutzers<\/span><\/li>\n<li style=\"font-weight: 400;\"><span> Den Internet-Service-Provider des Nutzers<\/span><\/li>\n<li style=\"font-weight: 400;\"><span> Die IP-Adresse des Nutzers<\/span><\/li>\n<li style=\"font-weight: 400;\"><span> Datum und Uhrzeit des Zugriffs<\/span><\/li>\n<li style=\"font-weight: 400;\"><span> Die vorherige Webseite, von der der Nutzer auf unsere Webseite gelangt<\/span><\/li>\n<\/ul>\n<\/div><\/div><div class=\"w-separator size_custom\" style=\"height:2rem\"><\/div><div class=\"wpb_text_column\"><div class=\"wpb_wrapper\"><h6>3.2 Rechtsgrundlage f\u00fcr die Datenverarbeitung<\/h6>\n<p>Rechtsgrundlage f\u00fcr die vor\u00fcbergehende Speicherung dieser Daten und der Log-Files ist Art. 6 Abs. 1 lit. f) DSGVO (berechtigtes Interesse von uns als verantwortlichem Webseiten-Betreiber).<\/p>\n<\/div><\/div><div class=\"w-separator size_custom\" style=\"height:2rem\"><\/div><div class=\"wpb_text_column\"><div class=\"wpb_wrapper\"><h6>3.3 Zweck der Datenverarbeitung<\/h6>\n<p>Die vor\u00fcbergehende Speicherung der IP-Adresse des Nutzers durch unser System ist notwendig, um eine Auslieferung der Webseite an den Rechner des Nutzers zu erm\u00f6glichen. Hierf\u00fcr muss die IP-Adresse des Nutzers zwangsl\u00e4ufig f\u00fcr die Dauer der Sitzung gespeichert bleiben. Die Speicherung der oben genannten Daten in den Log-Files erfolgt, um die Funktionsf\u00e4higkeit unserer Webseite sicherzustellen. Zudem dienen uns diese Daten zur Optimierung der Webseite und zur Gew\u00e4hrleistung der Sicherheit unserer informationstechnischen Systeme (z. B. zur Angriffserkennung). Eine Auswertung der Daten zu Marketingzwecken findet in diesem Zusammenhang nicht statt.<\/p>\n<\/div><\/div><div class=\"w-separator size_custom\" style=\"height:2rem\"><\/div><div class=\"wpb_text_column\"><div class=\"wpb_wrapper\"><h6>3.4 Dauer der Speicherung<\/h6>\n<p>Die oben genannten Daten werden gel\u00f6scht, sobald sie f\u00fcr die Erreichung des Zweckes ihrer Erhebung nicht mehr erforderlich sind. Im Falle der Erfassung der Daten zur Bereitstellung der Webseite ist dies der Fall, wenn die jeweilige Sitzung beendet ist. Im Falle der Speicherung der Daten in Log-Files ist dies nach sp\u00e4testens 14 Tagen der Fall. Eine dar\u00fcberhinausgehende Speicherung ist m\u00f6glich. In diesem Fall wird die IP-Adresse des Nutzers von uns gel\u00f6scht oder verfremdet, sodass eine Zuordnung des aufrufenden Clients nicht mehr m\u00f6glich ist und die enthaltenen Daten keinen Personenbezug mehr aufweisen.<\/p>\n<\/div><\/div><div class=\"w-separator size_custom\" style=\"height:2rem\"><\/div><div class=\"wpb_text_column\"><div class=\"wpb_wrapper\"><h5>4. E-Mail-, Telefon-Kontakt und Kontaktformulare<\/h5>\n<h6>4.1 Beschreibung und Umfang der Datenverarbeitung<\/h6>\n<p>\u00dcber die bereitgestellte E-Mail-Adresse, unsere Telefonnummer und die Kontaktformulare (\u201eKontakt\u201c und \u201eLeistung anfragen\u201c) k\u00f6nnen Sie mit uns Kontakt aufnehmen. Es werden Ihre mit der Anfrage \u00fcbermittelten personenbezogenen Daten durch uns gespeichert.<\/p>\n<\/div><\/div><div class=\"w-separator size_custom\" style=\"height:2rem\"><\/div><div class=\"wpb_text_column\"><div class=\"wpb_wrapper\"><h6>4.2 Rechtsgrundlage f\u00fcr die Datenverarbeitung<\/h6>\n<p>Rechtsgrundlage f\u00fcr die Verarbeitung Ihrer Daten, die Sie uns im Zuge der \u00dcbersendung einer Anfrage via Kontaktformular \u00fcbermitteln, ist Art. 6 Abs. 1 lit. a) DSGVO (Einwilligung). Rechtsgrundlage f\u00fcr die Verarbeitung der Daten, die Sie uns im Zuge der \u00dcbersendung einer E-Mail oder telefonisch \u00fcbermitteln, ist Art. 6 Abs. 1 lit. f) DSGVO (unser berechtigtes Interesse, Ihnen Ihre Anfrage zu beantworten). Zielt die Anfrage auf den Abschluss eines Vertrages ab, so ist die zus\u00e4tzliche Rechtsgrundlage f\u00fcr die Verarbeitung Art. 6 Abs. 1 lit. b) DSGVO (Erf\u00fcllung eines Vertrages).<\/p>\n<\/div><\/div><div class=\"w-separator size_custom\" style=\"height:2rem\"><\/div><div class=\"wpb_text_column\"><div class=\"wpb_wrapper\"><h6>4.3 Zweck der Datenverarbeitung<\/h6>\n<p>Die Verarbeitung dieser personenbezogenen Daten dient uns allein zur Bearbeitung der Kontaktaufnahme und Beantwortung Ihrer Anfrage.<\/p>\n<\/div><\/div><div class=\"w-separator size_custom\" style=\"height:2rem\"><\/div><div class=\"wpb_text_column\"><div class=\"wpb_wrapper\"><h6>4.4 Dauer der Speicherung<\/h6>\n<p>Die oben genannten Daten werden gel\u00f6scht, sobald sie f\u00fcr die Erreichung des Zweckes ihrer Erhebung nicht mehr erforderlich sind. F\u00fcr die personenbezogenen Daten, die per E-Mail oder via Telefon \u00fcbermittelt wurden, ist dies dann der Fall, wenn die jeweilige Konversation mit Ihnen beendet ist und keine gesetzlichen Aufbewahrungsfristen der L\u00f6schung entgegenstehen.<\/p>\n<\/div><\/div><div class=\"w-separator size_custom\" style=\"height:2rem\"><\/div><div class=\"wpb_text_column\"><div class=\"wpb_wrapper\"><h6>4.5 Widerspruchsm\u00f6glichkeit<\/h6>\n<p>Sie haben jederzeit die M\u00f6glichkeit, der Datenverarbeitung zu widersprechen. Der Widerspruch ist an folgende E-Mail-Adresse zu richten: <a href=\"mailto:info@oberhaizinger.de\">info@oberhaizinger.de<\/a>. <\/p>\n<p>Alle personenbezogenen Daten, die im Zuge der Kontaktaufnahme gespeichert wurden, werden in diesem Fall gel\u00f6scht falls keine gesetzlichen Aufbewahrungsfristen der L\u00f6schung entgegenstehen.<\/p>\n<\/div><\/div><div class=\"w-separator size_custom\" style=\"height:2rem\"><\/div><div class=\"wpb_text_column\"><div class=\"wpb_wrapper\"><h5>5. Bewerbungsverfahren<\/h5>\n<h6>5.1 Beschreibung und Umfang der Datenverarbeitung<\/h6>\n<p>Wir bieten Ihnen die M\u00f6glichkeit an, sich bei uns mittels der angegebenen E-Mail-Adresse oder via Online-Bewerbungsformular \u00fcber unser Bewerberportal (\u201eZu unseren Stellenangeboten\u201c) auf aktuelle Stellenangebote (unter \u201eKarriere\u201c) zu bewerben. Bei Bewerbungen werden Ihre Bewerber- und Bewerbungsdaten von uns zur Abwicklung des Bewerbungsverfahrens elektronisch erhoben und verarbeitet.<\/p>\n<\/div><\/div><div class=\"w-separator size_custom\" style=\"height:2rem\"><\/div><div class=\"wpb_text_column\"><div class=\"wpb_wrapper\"><h6>5.2 Rechtsgrundlage f\u00fcr die Datenverarbeitung<\/h6>\n<p>Rechtsgrundlage f\u00fcr die Verarbeitung Ihrer Daten im Zuge eines Bewerbungsverfahrens ist \u00a7 26 Abs.1 BDSG i.V.m. Art. 88 Abs. 1 DSGVO. Sofern Sie ausdr\u00fccklich in eine l\u00e4ngere Speicherung Ihrer Daten einwilligen, bspw. f\u00fcr Ihre Aufnahme in eine Bewerber- oder Interessentendatenbank, werden die Daten aufgrund Ihrer Einwilligung weiterverarbeitet. Rechtsgrundlage ist dann Art. 6 Abs. 1 lit. a) DSGVO. Ihre Einwilligung k\u00f6nnen Sie aber nat\u00fcrlich jederzeit nach Art. 7 Abs. 3 DSGVO durch Erkl\u00e4rung uns gegen\u00fcber mit Wirkung f\u00fcr die Zukunft widerrufen.<\/p>\n<\/div><\/div><div class=\"w-separator size_custom\" style=\"height:2rem\"><\/div><div class=\"wpb_text_column\"><div class=\"wpb_wrapper\"><h6>5.3 Zweck der Datenverarbeitung<\/h6>\n<p>Ihre Daten werden zur Durchf\u00fchrung des Bewerbungsverfahrens verarbeitet.<\/p>\n<\/div><\/div><div class=\"w-separator size_custom\" style=\"height:2rem\"><\/div><div class=\"wpb_text_column\"><div class=\"wpb_wrapper\"><h6>5.4 Dauer der Speicherung<\/h6>\n<p>Bei der Zur\u00fcckweisung einer Bewerbung l\u00f6schen wir die an uns \u00fcbermittelten Daten sechs Monate nach der Bekanntgabe der Zur\u00fcckweisung. Nach Beendigung des Bewerbungsverfahrens speichern wir Ihre personenbezogenen Daten, solange wir dazu gesetzlich verpflichtet sind oder Sie uns Ihre Einwilligung dazu erteilt haben. Die L\u00f6schung erfolgt jedoch nicht, wenn die Daten aufgrund gesetzlicher Bestimmungen, bspw. wegen der Beweispflichten nach dem AGG, eine l\u00e4ngere Speicherung oder bis zum Abschluss eines gerichtlichen Verfahrens erfordern. Rechtsgrundlage ist in diesem Fall \u00a7 24 Abs. 1 Nr. 2 BDSG.<\/p>\n<\/div><\/div><div class=\"w-separator size_custom\" style=\"height:2rem\"><\/div><div class=\"wpb_text_column\"><div class=\"wpb_wrapper\"><h6>5.5 Widerspruchsm\u00f6glichkeit<\/h6>\n<p>Sie haben jederzeit die M\u00f6glichkeit, der Datenverarbeitung zu widersprechen.<br \/>Der Widerspruch ist an folgende E-Mail-Adresse zu richten:<br \/><a href=\"mailto:info@oberhaizinger.de\">info@oberhaizinger.de<\/a><\/p>\n<\/div><\/div><div class=\"w-separator size_custom\" style=\"height:2rem\"><\/div><div class=\"wpb_text_column\"><div class=\"wpb_wrapper\"><h5>6. Social Media<\/h5>\n<p><strong>Beschreibung der Datenverarbeitung <\/strong><br \/>F\u00fcr die Unterst\u00fctzung unserer \u00d6ffentlichkeitsarbeit setzen wir derzeit folgende<br \/>Social-Media-Komponenten ein:<\/p>\n<ul>\n<li>YouTube<\/li>\n<\/ul>\n<p>Wenn Sie unsere Seite besuchen, werden zun\u00e4chst grunds\u00e4tzlich keine personenbezogenen Daten an den Social-Media-Anbieter weitergegeben.<\/p>\n<\/div><\/div><div class=\"w-separator size_custom\" style=\"height:2rem\"><\/div><div class=\"wpb_text_column\"><div class=\"wpb_wrapper\"><h5>YouTube<\/h5>\n<h6>6.1 Beschreibung und Umfang der Datenverarbeitung<\/h6>\n<p>Wir haben auf dieser Webseite einen Imagefilm unserer Firma auf YouTube integriert. Wenn Sie \u00fcber den Cookie-Banner nicht eingewilligt haben, bleibt das Video zun\u00e4chst gesperrt, bis Sie Ihre Einwilligung (\u201eInhalt entsperren\u201c) erteilt haben. YouTube ist ein Internet-Videoportal, das das kostenlose Einstellen von Videoclips und die ebenfalls kostenfreie Betrachtung, Bewertung und Kommentierung dieser erm\u00f6glicht. YouTube gestattet die Publikation aller Arten von Videos, weshalb sowohl komplette Film- und Fernsehsendungen, aber auch Musikvideos, Trailer oder von Nutzern selbst angefertigte Videos \u00fcber das Internetportal abrufbar sind. Betreibergesellschaft von YouTube in Europa ist die Google Ireland Limited, Gordon House, Barrow Street, Dublin 4, Irland . Die Google Ireland Limited ist einer Tochtergesellschaft der Google LLC, 1600 Amphitheatre Pkwy, Mountain View, CA 94042-1251, USA. YouTube erh\u00e4lt \u00fcber die YouTube-Verlinkung immer dann eine Information dar\u00fcber, dass Sie unsere Internetseite besucht haben, wenn Sie zum Zeitpunkt des Aufrufs \u00fcber unsere Internetseite gleichzeitig bei YouTube eingeloggt sind. Ist eine derartige \u00dcbermittlung dieser Informationen an YouTube und Google von Ihnen nicht gewollt, kann diese \u00dcbermittlung dadurch verhindert werden, dass Sie sich vor einem Aufruf \u00fcber unsere Internetseite aus ihrem YouTube-Account ausloggen. Die von YouTube ver\u00f6ffentlichten Datenschutzhinweise, die unter <a href=\"https:\/\/www.google.de\/intl\/de\/policies\/privacy\/\" target=\"_blank\" rel=\"noopener\">https:\/\/www.google.de\/intl\/\u00adde\/policies\/privacy\/<\/a> abrufbar sind, geben Aufschluss \u00fcber die Erhebung, Verarbeitung und Nutzung personenbezogener Daten durch YouTube.<\/p>\n<\/div><\/div><div class=\"w-separator size_custom\" style=\"height:2rem\"><\/div><div class=\"wpb_text_column\"><div class=\"wpb_wrapper\"><h6>6.2 Rechtsgrundlage und Zweck f\u00fcr die Datenverarbeitung<\/h6>\n<p>YouTube-Videos auf der Webseite werden Ihnen angezeigt, wenn Sie \u00fcber den Cookie-Banner Ihre diesbez\u00fcgliche Einwilligung erteilt haben (Art. 6 Abs. 1 lit. a DSGVO). Die direkte \u201eEntsperrung\u201c eines Videos erfolgt gem\u00e4\u00df Ihrer ausdr\u00fccklich erteilten Einwilligung (Art. 6 Abs. 1 lit. a DSGVO). Ihre Weiterleitung zur verlinkten Plattform erfolgt auf Basis Ihres freiwilligen Klicks auf den Button (Logo) (Art. 6 Abs. 1 lit. a DSGVO). Unseren YouTube-Imagefilm haben wir auf unserer Webseite implementiert, damit wir Ihnen die bestm\u00f6glichen Informationen zu unserem Unternehmen zur Verf\u00fcgung stellen k\u00f6nnen.<\/p>\n<\/div><\/div><div class=\"w-separator size_custom\" style=\"height:2rem\"><\/div><div class=\"wpb_text_column\"><div class=\"wpb_wrapper\"><h6>6.3 Widerspruchs- und Beseitigungsm\u00f6glichkeit<\/h6>\n<p>Bei Aufruf der Webseite k\u00f6nnen Sie \u00fcber den angezeigten Cookie-Banner den Abruf von YouTube-Videos ablehnen. Ihnen steht ein Widerspruchsrecht gegen die Bildung von Nutzerprofilen zu, wobei Sie sich zur Aus\u00fcbung dessen an den Social Media-Anbieter wenden m\u00fcssen. Ebenfalls ist es m\u00f6glich Social-Media Anbieter mit Add-ons f\u00fcr Ihren Browser zu blocken. Wir weisen darauf hin, dass Sie die oben beschriebene Zuordnung verhindern k\u00f6nnen, indem Sie sich vor dem Besuch der Website von Ihrem YouTube-Profil abmelden und die von YouTube genutzten Cookies l\u00f6schen. Sie k\u00f6nnen Ihre gew\u00e4hlten Einstellungen jederzeit durch unter \u201eCookies\u201c am Ende der Seite \u00e4ndern. Durch eine \u00c4nderung der Einstellungen in Ihrem Internetbrowser k\u00f6nnen Sie die \u00dcbertragung von Cookies deaktivieren oder einschr\u00e4nken. Bereits gespeicherte Cookies k\u00f6nnen jederzeit gel\u00f6scht werden.<\/p>\n<\/div><\/div><div class=\"w-separator size_custom\" style=\"height:2rem\"><\/div><div class=\"wpb_text_column\"><div class=\"wpb_wrapper\"><h5>7. Borlabs Cookie-Banner<\/h5>\n<h6>7.1 Beschreibung und Umfang der Datenverarbeitung<\/h6>\n<p>Diese Webseite verwendet Borlabs Cookie, das zwei technisch notwendige Cookies (borlabsCookie und borlabsCookieUnblockContent) setzt, um Ihre Cookie-Pr\u00e4ferenz zu speichern. Borlabs Cookie verarbeitet keinerlei personenbezogenen Daten. Im Cookie borlabsCookie wird Ihre gew\u00e4hlte Pr\u00e4ferenz gespeichert, die Sie beim Betreten der Webseite ausgew\u00e4hlt haben. Das Cookie borlabsCookieUnblockContent speichert, welche (externen) Medien\/Inhalte Sie immer automatisch entsperrt haben m\u00f6chten. M\u00f6chten Sie diese Einstellungen widerrufen, l\u00f6schen Sie einfach die Cookies in Ihrem Browser. Wenn Sie die Website neu betreten\/neu laden, werden Sie erneut nach Ihrer Cookie-Pr\u00e4ferenz gefragt.<\/p>\n<\/div><\/div><div class=\"w-separator size_custom\" style=\"height:2rem\"><\/div><div class=\"wpb_text_column\"><div class=\"wpb_wrapper\"><h6>7.2 Rechtsgrundlage f\u00fcr die Datenverarbeitung<\/h6>\n<p>Der Einsatz eines \u201eCookie Banners\u201c erfolgt, um die nach DSGVO bzw. TDDDG vorgeschriebenen Einwilligungen f\u00fcr den Einsatz von Cookies einzuholen.<br \/>Rechtsgrundlage hierf\u00fcr ist Art. 6 Abs. 1 S. 1 lit. c DSGVO.<\/p>\n<\/div><\/div><div class=\"w-separator size_custom\" style=\"height:2rem\"><\/div><div class=\"wpb_text_column\"><div class=\"wpb_wrapper\"><h6>7.3 Zweck der Datenverarbeitung<\/h6>\n<p>Der Zweck des Einsatzes eines Cookie-Banners besteht darin, Ihnen die gesetzlich vorgeschriebene Auswahl, welche Cookies auf Ihrem Endger\u00e4t bei einem Besuch<br \/>unserer Webseite gespeichert werden, zu erm\u00f6glichen.<\/p>\n<\/div><\/div><div class=\"w-separator size_custom\" style=\"height:2rem\"><\/div><div class=\"wpb_text_column\"><div class=\"wpb_wrapper\"><h6>7.4 Dauer der Speicherung<\/h6>\n<p>Ihre Pr\u00e4ferenzen beim Besuch unserer Webseite werden vor\u00fcbergehend und nur solange gespeichert, bis Sie die Cookies in Ihrem Browser l\u00f6schen oder Ihre<br \/>Einstellungen auf der Webseite (\u201eCookies\u201c) wieder \u00e4ndern. Auch nach der L\u00f6schung der Cookies k\u00f6nnen Sie Ihre Pr\u00e4ferenzen neu w\u00e4hlen<\/p>\n<\/div><\/div><div class=\"w-separator size_custom\" style=\"height:2rem\"><\/div><div class=\"wpb_text_column\"><div class=\"wpb_wrapper\"><h5>8. WPML Sprachauswahl<\/h5>\n<h6>8.1 Beschreibung und Umfang der Datenverarbeitung<\/h6>\n<p>Wir nutzen auf unserer Webseite mit WPML ein WordPress-Plugin, das es uns erm\u00f6glicht, eine mehrsprachige Website zu erstellen. Die ausgew\u00e4hlte Sprache wird in einem Cookie gespeichert. Das Cookie speichert die umgeleitete Sprache. Dieses Cookie ist f\u00fcr alle Website-Besucher aktiviert, wenn Sie die Browser-Sprachumleitungsfunktion verwenden.<\/p>\n<\/div><\/div><div class=\"w-separator size_custom\" style=\"height:2rem\"><\/div><div class=\"wpb_text_column\"><div class=\"wpb_wrapper\"><h6>8.2 Rechtsgrundlage f\u00fcr die Datenverarbeitung<\/h6>\n<p>Der Einsatz eines \u201eCookie Banners\u201c erfolgt, um die nach DSGVO bzw. TDDDG vorgeschriebenen Einwilligungen f\u00fcr den Einsatz von Cookies einzuholen. Rechtsgrundlage hierf\u00fcr ist Art. 6 Abs. 1 S. 1 lit. c DSGVO.<\/p>\n<\/div><\/div><div class=\"w-separator size_custom\" style=\"height:2rem\"><\/div><div class=\"wpb_text_column\"><div class=\"wpb_wrapper\"><h6>8.3 Zweck der Datenverarbeitung<\/h6>\n<p>Der Zweck des Einsatzes von WPML besteht darin, Ihnen die Auswahl mehrerer Sprachen beim Besuch unserer Webseite zu erm\u00f6glichen.<\/p>\n<\/div><\/div><div class=\"w-separator size_custom\" style=\"height:2rem\"><\/div><div class=\"wpb_text_column\"><div class=\"wpb_wrapper\"><h6>8.4 Dauer der Speicherung<\/h6>\n<p>Ihre Sprach-Pr\u00e4ferenz beim Besuch unserer Webseite wird vor\u00fcbergehend (einen Tag) f\u00fcr die Dauer Ihres Webseiten-Besuchs und auch nur solange gespeichert, bis Sie die Cookies in Ihrem Browser l\u00f6schen.<\/p>\n<\/div><\/div><div class=\"w-separator size_custom\" style=\"height:2rem\"><\/div><div class=\"wpb_text_column\"><div class=\"wpb_wrapper\"><h5>9. Links auf Webseiten Dritter<\/h5>\n<h6>9.1 Beschreibung und Umfang der Datenverarbeitung<\/h6>\n<p>Wir haben auf unserer Webseite verschiedene Verlinkungen zu Webseiten Dritter implementiert. Dies betrifft au\u00dfer der Verlinkung (Video) zum sozialen Netzwerk YouTube (siehe 6. Social Media) und der Verlinkung auf unsere Bewerber-Plattform (siehe 5. Bewerbungsverfahren) die Verlinkungen zu unseren Kunden (Logos der Unternehmen z.B. BMW, Bugatti, Cupra, KIA, Mercedes, Mini, Nivea, Porsche, Porsche Design, Seat, Skoda, VW). Wenn Sie auf eines der Logos klicken, werden Sie zu der betreffenden Webseite des Unternehmens weitergeleitet. Wenn Ihnen unsere Webseite gef\u00e4llt, klicken Sie auf den Schriftzug \u201eShytsee\u201c und Sie werden auf die Webseite der Werbeagentur weitergeleitet, die unsere Webseite gestaltet hat. Bei den Webseiten, die von Dritten gestaltet und bereitgestellt wurden und werden,<br \/>haben wir keinen Einfluss auf Gestaltung, Inhalt und Funktion dieser Drittdienste. Bitte beachten Sie, dass die von unserer Webseite verlinkten Angebote Dritter m\u00f6glicherweise eigene Cookies auf Ihrem Endger\u00e4t installieren bzw. personenbezogene Daten erheben. Bitte informieren Sie sich insoweit gegebenenfalls direkt bei den Anbietern dieser verlinkten Drittangebote (z.B. \u00fcber deren Datenschutzerkl\u00e4rung).<\/p>\n<\/div><\/div><div class=\"w-separator size_custom\" style=\"height:2rem\"><\/div><div class=\"wpb_text_column\"><div class=\"wpb_wrapper\"><h6>9.2 Rechtsgrundlage der Datenverarbeitung<\/h6>\n<p>Rechtsgrundlage f\u00fcr Ihre Weiterleitung auf die verlinkte Webseite ist Art. 6 Abs. 1 lit. a) DSGVO (Ihre Einwilligung durch Ihren freiwilligen Klick auf das betreffenden Logo).<\/p>\n<\/div><\/div><div class=\"w-separator size_custom\" style=\"height:2rem\"><\/div><div class=\"wpb_text_column\"><div class=\"wpb_wrapper\"><h6>9.3 Zweck der Datenverarbeitung<\/h6>\n<p>Die Verlinkung auf die jeweilige Seite von Dritten erfolgt, um Ihnen einen einfachen Zugang zu den betreffenden Informationen zu erm\u00f6glichen.<\/p>\n<\/div><\/div><div class=\"w-separator size_custom\" style=\"height:2rem\"><\/div><div class=\"wpb_text_column\"><div class=\"wpb_wrapper\"><h5>10. Rechte des Betroffenen<\/h5>\n<p>Werden personenbezogene Daten eines Nutzers verarbeitet, ist dieser ein \u201eBetroffener\u201c im Sinne der DSGVO. Ihm stehen folgende Rechte gegen\u00fcber uns als Verantwortlichem zu: <\/p>\n<ul>\n<li>Recht auf Auskunft<\/li>\n<li>Recht auf Berichtigung<\/li>\n<li>Recht auf Einschr\u00e4nkung der Verarbeitung<\/li>\n<li>Recht auf L\u00f6schung<\/li>\n<li>Recht auf Unterrichtung<\/li>\n<li>Recht auf Daten\u00fcbertragbarkeit<\/li>\n<li>Widerspruchsrecht<\/li>\n<li>Recht auf Widerruf der datenschutzrechtlichen Einwilligungserkl\u00e4rung<\/li>\n<li>Recht auf Beschwerde bei einer Datenschutzaufsichtsbeh\u00f6rde<\/li>\n<\/ul>\n<p><span style=\"text-decoration: underline;\">Hinweis zum Widerruf einer Einwilligung:<\/span><br \/>Ein Betroffener hat zwar das Recht, seine datenschutzrechtliche<br \/>Einwilligungserkl\u00e4rung jederzeit bei uns zu widerrufen. Allerdings wird dadurch die Rechtm\u00e4\u00dfigkeit der aufgrund der Einwilligung bis zum Widerruf erfolgten Verarbeitung nicht ber\u00fchrt. <\/p>\n<p><span style=\"text-decoration: underline;\">Hinweis zur Beschwerde bei einer Aufsichtsbeh\u00f6rde:<\/span><br \/>Unbeschadet eines anderweitigen verwaltungsrechtlichen oder gerichtlichen Rechtsbehelfs steht einem Betroffenen das Recht auf Beschwerde bei einer Aufsichtsbeh\u00f6rde \u2013 insbesondere in dem Mitgliedstaat des Aufenthaltsortes des Nutzers, des Arbeitsplatzes des Nutzers oder des Ortes des mutma\u00dflichen Versto\u00dfes \u2013 zu, wenn der Nutzer der Ansicht ist, dass die Verarbeitung seiner personenbezogenen Daten durch uns gegen die DSGVO verst\u00f6\u00dft.<\/p>\n<p><span style=\"text-decoration: underline;\">Hinweis zur \u00dcbermittlung von Daten an Drittl\u00e4nder:<\/span><br \/>Die DSGVO fordert f\u00fcr die \u00dcbermittlung von personenbezogenen Daten an Drittl\u00e4nder (au\u00dferhalb des europ\u00e4ischen Wirtschaftsraums) Garantien f\u00fcr die Angemessenheit des Datenschutzniveaus in diesen L\u00e4ndern. F\u00fcr die Daten\u00fcbermittlung in die USA ist dies das EU-U.S. Data Privacy Framework. Voraussetzung ist, dass die betreffenden Organisationen unter dem EU-U.S. Data Privacy Framework zertifiziert sind (wie z.B. Google \u2013 YouTube).<\/p>\n<\/div><\/div><\/div><\/div><\/div><\/div><\/section>\n","protected":false},"excerpt":{"rendered":"Privacy policy (de) Inhaltsverzeichnis: 1. Name und Anschrift des Verantwortlichen2. Datenschutzbeauftragter3. Bereitstellung der Webseite und Erstellung von Log-Files4. E-Mail-,Telefon-Kontakt und Kontaktformulare5. Bewerbungsverfahren6. Social MediaYouTube7. Borlabs Cookie Banner8. WPML Sprachauswahl9. Links auf Webseiten Dritter10. Rechte des Betroffenen 1. Name und Anschrift des Verantwortlichen Die Oberhaizinger GmbH ist als Verantwortliche im Sinne der Datenschutz-Grundverordnung (DSGVO), des Bundesdatenschutzgesetzes...","protected":false},"author":1,"featured_media":0,"parent":0,"menu_order":0,"comment_status":"closed","ping_status":"closed","template":"","meta":{"_acf_changed":false,"inline_featured_image":false,"footnotes":""},"class_list":["post-3794","page","type-page","status-publish","hentry"],"acf":[],"_links":{"self":[{"href":"https:\/\/www.oberhaizinger.de\/en\/wp-json\/wp\/v2\/pages\/3794","targetHints":{"allow":["GET"]}}],"collection":[{"href":"https:\/\/www.oberhaizinger.de\/en\/wp-json\/wp\/v2\/pages"}],"about":[{"href":"https:\/\/www.oberhaizinger.de\/en\/wp-json\/wp\/v2\/types\/page"}],"author":[{"embeddable":true,"href":"https:\/\/www.oberhaizinger.de\/en\/wp-json\/wp\/v2\/users\/1"}],"replies":[{"embeddable":true,"href":"https:\/\/www.oberhaizinger.de\/en\/wp-json\/wp\/v2\/comments?post=3794"}],"version-history":[{"count":12,"href":"https:\/\/www.oberhaizinger.de\/en\/wp-json\/wp\/v2\/pages\/3794\/revisions"}],"predecessor-version":[{"id":5169,"href":"https:\/\/www.oberhaizinger.de\/en\/wp-json\/wp\/v2\/pages\/3794\/revisions\/5169"}],"wp:attachment":[{"href":"https:\/\/www.oberhaizinger.de\/en\/wp-json\/wp\/v2\/media?parent=3794"}],"curies":[{"name":"wp","href":"https:\/\/api.w.org\/{rel}","templated":true}]}}